{"id":2306,"date":"2023-06-27T22:40:59","date_gmt":"2023-06-28T04:40:59","guid":{"rendered":"https:\/\/tacnuevo.wpenginepowered.com\/?page_id=2306"},"modified":"2024-05-29T10:12:53","modified_gmt":"2024-05-29T16:12:53","slug":"catalogo-de-productos","status":"publish","type":"page","link":"https:\/\/tacbycanet.com\/nicaragua\/catalogo-de-productos\/","title":{"rendered":"Productos"},"content":{"rendered":"<section class=\"l-section wpb_row height_small\"><div class=\"l-section-h i-cf\"><div class=\"g-cols vc_row via_grid cols_1 laptops-cols_inherit tablets-cols_inherit mobiles-cols_1 valign_top type_default stacking_default\"><div class=\"wpb_column vc_column_container\"><div class=\"vc_column-inner\"><div class=\"w-image us_custom_a518f36e us_animate_this align_center\"><div class=\"w-image-h\"><img loading=\"lazy\" decoding=\"async\" width=\"2000\" height=\"1061\" src=\"https:\/\/tacbycanet.com\/nicaragua\/wp-content\/uploads\/2024\/01\/foto2-3.jpg\" class=\"attachment-full size-full\" alt=\"\" srcset=\"https:\/\/tacbycanet.com\/nicaragua\/wp-content\/uploads\/2024\/01\/foto2-3.jpg 2000w, https:\/\/tacbycanet.com\/nicaragua\/wp-content\/uploads\/2024\/01\/foto2-3-300x159.jpg 300w, https:\/\/tacbycanet.com\/nicaragua\/wp-content\/uploads\/2024\/01\/foto2-3-1024x543.jpg 1024w, https:\/\/tacbycanet.com\/nicaragua\/wp-content\/uploads\/2024\/01\/foto2-3-600x318.jpg 600w\" sizes=\"auto, (max-width: 2000px) 100vw, 2000px\" \/><\/div><\/div><\/div><\/div><\/div><\/div><\/section><section class=\"l-section wpb_row height_small\"><div class=\"l-section-h i-cf\"><div class=\"g-cols vc_row via_grid cols_3 laptops-cols_inherit tablets-cols_inherit mobiles-cols_1 valign_top type_default stacking_default\"><div class=\"wpb_column vc_column_container\"><div class=\"vc_column-inner\"><\/div><\/div><div class=\"wpb_column vc_column_container\"><div class=\"vc_column-inner\"><\/div><\/div><div class=\"wpb_column vc_column_container\"><div class=\"vc_column-inner\"><\/div><\/div><\/div><\/div><\/section><section class=\"l-section wpb_row us_custom_7e20fa79 us_animate_this height_auto\"><div class=\"l-section-h i-cf\"><div class=\"g-cols vc_row via_grid cols_2 laptops-cols_inherit tablets-cols_inherit mobiles-cols_1 valign_middle type_default stacking_default\" style=\"grid-gap:0rem;\"><div class=\"wpb_column vc_column_container\"><div class=\"vc_column-inner\"><div class=\"w-image align_center\"><div class=\"w-image-h\"><img loading=\"lazy\" decoding=\"async\" width=\"1066\" height=\"618\" src=\"https:\/\/tacbycanet.com\/nicaragua\/wp-content\/uploads\/2023\/12\/111111.png\" class=\"attachment-full size-full\" alt=\"\" srcset=\"https:\/\/tacbycanet.com\/nicaragua\/wp-content\/uploads\/2023\/12\/111111.png 1066w, https:\/\/tacbycanet.com\/nicaragua\/wp-content\/uploads\/2023\/12\/111111-600x348.png 600w, https:\/\/tacbycanet.com\/nicaragua\/wp-content\/uploads\/2023\/12\/111111-300x174.png 300w, https:\/\/tacbycanet.com\/nicaragua\/wp-content\/uploads\/2023\/12\/111111-1024x594.png 1024w\" sizes=\"auto, (max-width: 1066px) 100vw, 1066px\" \/><\/div><\/div><\/div><\/div><div class=\"wpb_column vc_column_container us_custom_f342693e has_text_color has_bg_color\"><div class=\"vc_column-inner\"><div class=\"wpb_text_column\"><div class=\"wpb_wrapper\"><p style=\"text-align: left;\"><strong>Nuevo: Pisos SPC<\/strong><\/p>\n<\/div><\/div><div class=\"w-separator size_small\"><\/div><div class=\"wpb_text_column\"><div class=\"wpb_wrapper\"><p style=\"text-align: left;\">\u00a1Descubre la elegancia y durabilidad incomparables con el piso SPC de Tac By Canet!<\/p>\n<\/div><\/div><div class=\"w-separator size_medium\"><\/div><div class=\"w-btn-wrapper align_left\"><a class=\"w-btn us-btn-style_4\" href=\"https:\/\/tacbycanet.com\/nicaragua\/pisos-spc\/\"><span class=\"w-btn-label\">VER M\u00c1S<\/span><\/a><\/div><\/div><\/div><\/div><\/div><\/section><section class=\"l-section wpb_row height_auto\"><div class=\"l-section-h i-cf\"><div class=\"g-cols vc_row via_grid cols_1 laptops-cols_inherit tablets-cols_inherit mobiles-cols_1 valign_top type_default stacking_default\"><div class=\"wpb_column vc_column_container\"><div class=\"vc_column-inner\"><div class=\"w-separator size_small\"><\/div><\/div><\/div><\/div><\/div><\/section><section class=\"l-section wpb_row us_custom_7e20fa79 us_animate_this height_auto\"><div class=\"l-section-h i-cf\"><div class=\"g-cols vc_row via_grid cols_2 laptops-cols_inherit tablets-cols_inherit mobiles-cols_1 valign_middle type_default stacking_default\" style=\"grid-gap:0rem;\"><div class=\"wpb_column vc_column_container\"><div class=\"vc_column-inner\"><div class=\"w-image align_center\"><div class=\"w-image-h\"><img loading=\"lazy\" decoding=\"async\" width=\"1073\" height=\"616\" src=\"https:\/\/tacbycanet.com\/nicaragua\/wp-content\/uploads\/2023\/08\/Artboard-36.png\" class=\"attachment-full size-full\" alt=\"\" srcset=\"https:\/\/tacbycanet.com\/nicaragua\/wp-content\/uploads\/2023\/08\/Artboard-36.png 1073w, https:\/\/tacbycanet.com\/nicaragua\/wp-content\/uploads\/2023\/08\/Artboard-36-600x344.png 600w, https:\/\/tacbycanet.com\/nicaragua\/wp-content\/uploads\/2023\/08\/Artboard-36-300x172.png 300w, https:\/\/tacbycanet.com\/nicaragua\/wp-content\/uploads\/2023\/08\/Artboard-36-1024x588.png 1024w\" sizes=\"auto, (max-width: 1073px) 100vw, 1073px\" \/><\/div><\/div><\/div><\/div><div class=\"wpb_column vc_column_container us_custom_267f2347 has_text_color has_bg_color\"><div class=\"vc_column-inner\"><div class=\"wpb_text_column\"><div class=\"wpb_wrapper\"><p style=\"text-align: left;\"><strong>Tablilla decorativa<\/strong><\/p>\n<\/div><\/div><div class=\"w-separator size_small\"><\/div><div class=\"wpb_text_column\"><div class=\"wpb_wrapper\"><p style=\"text-align: left;\">Ideales para brindar un elegante acabado a cada espacio de su hogar, adem\u00e1s se adapta en interiores.<\/p>\n<\/div><\/div><div class=\"w-separator size_medium\"><\/div><div class=\"w-btn-wrapper align_left\"><a class=\"w-btn us-btn-style_4\" href=\"https:\/\/tacbycanet.com\/nicaragua\/tablilla-decorativa\"><span class=\"w-btn-label\">VER M\u00c1S<\/span><\/a><\/div><\/div><\/div><\/div><\/div><\/section><section class=\"l-section wpb_row height_auto\"><div class=\"l-section-h i-cf\"><div class=\"g-cols vc_row via_grid cols_1 laptops-cols_inherit tablets-cols_inherit mobiles-cols_1 valign_top type_default stacking_default\"><div class=\"wpb_column vc_column_container\"><div class=\"vc_column-inner\"><div class=\"w-separator size_small\"><\/div><\/div><\/div><\/div><\/div><\/section><section class=\"l-section wpb_row us_custom_47474b22 us_animate_this height_auto\"><div class=\"l-section-h i-cf\"><div class=\"g-cols vc_row via_grid cols_2 laptops-cols_inherit tablets-cols_inherit mobiles-cols_1 valign_middle type_default stacking_default\" style=\"grid-gap:0rem;\"><div class=\"wpb_column vc_column_container\"><div class=\"vc_column-inner\"><div class=\"w-image align_center\"><div class=\"w-image-h\"><img loading=\"lazy\" decoding=\"async\" width=\"1088\" height=\"615\" src=\"https:\/\/tacbycanet.com\/nicaragua\/wp-content\/uploads\/2023\/08\/Artboard-37.png\" class=\"attachment-full size-full\" alt=\"\" srcset=\"https:\/\/tacbycanet.com\/nicaragua\/wp-content\/uploads\/2023\/08\/Artboard-37.png 1088w, https:\/\/tacbycanet.com\/nicaragua\/wp-content\/uploads\/2023\/08\/Artboard-37-600x339.png 600w, https:\/\/tacbycanet.com\/nicaragua\/wp-content\/uploads\/2023\/08\/Artboard-37-300x170.png 300w, https:\/\/tacbycanet.com\/nicaragua\/wp-content\/uploads\/2023\/08\/Artboard-37-1024x579.png 1024w\" sizes=\"auto, (max-width: 1088px) 100vw, 1088px\" \/><\/div><\/div><\/div><\/div><div class=\"wpb_column vc_column_container us_custom_267f2347 has_text_color has_bg_color\"><div class=\"vc_column-inner\"><div class=\"wpb_text_column\"><div class=\"wpb_wrapper\"><p style=\"text-align: left;\"><strong>Pared de PVC<br \/>\n<\/strong><\/p>\n<\/div><\/div><div class=\"w-separator size_small\"><\/div><div class=\"wpb_text_column\"><div class=\"wpb_wrapper\"><p style=\"text-align: left;\">Descubra la revoluci\u00f3n en dise\u00f1o interior con las paredes de PVC de Tac By Canet: una sinfon\u00eda perfecta de durabilidad, elegancia y resistencia.<\/p>\n<\/div><\/div><div class=\"w-separator size_medium\"><\/div><div class=\"w-hwrapper align_left valign_top\" style=\"--hwrapper-gap:1.20rem\"><div class=\"w-btn-wrapper align_left\"><a class=\"w-btn us-btn-style_1\" href=\"https:\/\/tacbycanet.com\/nicaragua\/pared-de-pvc\/\"><span class=\"w-btn-label\">VER COLORES<\/span><\/a><\/div><\/div><\/div><\/div><\/div><\/div><\/section><section class=\"l-section wpb_row height_auto\"><div class=\"l-section-h i-cf\"><div class=\"g-cols vc_row via_grid cols_1 laptops-cols_inherit tablets-cols_inherit mobiles-cols_1 valign_top type_default stacking_default\"><div class=\"wpb_column vc_column_container\"><div class=\"vc_column-inner\"><div class=\"w-separator size_small\"><\/div><\/div><\/div><\/div><\/div><\/section><section class=\"l-section wpb_row us_custom_7e20fa79 us_animate_this height_auto\"><div class=\"l-section-h i-cf\"><div class=\"g-cols vc_row via_grid cols_2 laptops-cols_inherit tablets-cols_inherit mobiles-cols_1 valign_middle type_default stacking_default\" style=\"grid-gap:0rem;\"><div class=\"wpb_column vc_column_container\"><div class=\"vc_column-inner\"><div class=\"w-image align_center\"><div class=\"w-image-h\"><img loading=\"lazy\" decoding=\"async\" width=\"1086\" height=\"610\" src=\"https:\/\/tacbycanet.com\/nicaragua\/wp-content\/uploads\/2023\/08\/Artboard-38.png\" class=\"attachment-full size-full\" alt=\"\" srcset=\"https:\/\/tacbycanet.com\/nicaragua\/wp-content\/uploads\/2023\/08\/Artboard-38.png 1086w, https:\/\/tacbycanet.com\/nicaragua\/wp-content\/uploads\/2023\/08\/Artboard-38-600x337.png 600w, https:\/\/tacbycanet.com\/nicaragua\/wp-content\/uploads\/2023\/08\/Artboard-38-300x169.png 300w, https:\/\/tacbycanet.com\/nicaragua\/wp-content\/uploads\/2023\/08\/Artboard-38-1024x575.png 1024w\" sizes=\"auto, (max-width: 1086px) 100vw, 1086px\" \/><\/div><\/div><\/div><\/div><div class=\"wpb_column vc_column_container us_custom_267f2347 has_text_color has_bg_color\"><div class=\"vc_column-inner\"><div class=\"wpb_text_column\"><div class=\"wpb_wrapper\"><p style=\"text-align: left;\"><strong>Policarbonato<br \/>\n<\/strong><\/p>\n<\/div><\/div><div class=\"w-separator size_small\"><\/div><div class=\"wpb_text_column\"><div class=\"wpb_wrapper\"><p style=\"text-align: left;\">Complemento ideal para exteriores. Est\u00e1n fabricadas a base de policarbonato 100% virgen.<\/p>\n<\/div><\/div><div class=\"w-separator size_medium\"><\/div><div class=\"w-hwrapper align_left valign_top\" style=\"--hwrapper-gap:1.20rem\"><div class=\"w-btn-wrapper align_left\"><a class=\"w-btn us-btn-style_1\" href=\"https:\/\/tacbycanet.com\/nicaragua\/policarbonato\"><span class=\"w-btn-label\">VER COLORES<\/span><\/a><\/div><\/div><\/div><\/div><\/div><\/div><\/section><section class=\"l-section wpb_row height_auto\"><div class=\"l-section-h i-cf\"><div class=\"g-cols vc_row via_grid cols_1 laptops-cols_inherit tablets-cols_inherit mobiles-cols_1 valign_top type_default stacking_default\"><div class=\"wpb_column vc_column_container\"><div class=\"vc_column-inner\"><div class=\"w-separator size_small\"><\/div><\/div><\/div><\/div><\/div><\/section><section class=\"l-section wpb_row us_custom_47474b22 us_animate_this height_auto\"><div class=\"l-section-h i-cf\"><div class=\"g-cols vc_row via_grid cols_2 laptops-cols_inherit tablets-cols_inherit mobiles-cols_1 valign_middle type_default stacking_default\" style=\"grid-gap:0rem;\"><div class=\"wpb_column vc_column_container\"><div class=\"vc_column-inner\"><div class=\"w-image align_center\"><div class=\"w-image-h\"><img loading=\"lazy\" decoding=\"async\" width=\"1066\" height=\"618\" src=\"https:\/\/tacbycanet.com\/nicaragua\/wp-content\/uploads\/2023\/12\/acabados.png\" class=\"attachment-full size-full\" alt=\"\" srcset=\"https:\/\/tacbycanet.com\/nicaragua\/wp-content\/uploads\/2023\/12\/acabados.png 1066w, https:\/\/tacbycanet.com\/nicaragua\/wp-content\/uploads\/2023\/12\/acabados-600x348.png 600w, https:\/\/tacbycanet.com\/nicaragua\/wp-content\/uploads\/2023\/12\/acabados-300x174.png 300w, https:\/\/tacbycanet.com\/nicaragua\/wp-content\/uploads\/2023\/12\/acabados-1024x594.png 1024w\" sizes=\"auto, (max-width: 1066px) 100vw, 1066px\" \/><\/div><\/div><\/div><\/div><div class=\"wpb_column vc_column_container us_custom_267f2347 has_text_color has_bg_color\"><div class=\"vc_column-inner\"><div class=\"wpb_text_column\"><div class=\"wpb_wrapper\"><p style=\"text-align: left;\"><strong>Acabados<br \/>\n<\/strong><\/p>\n<\/div><\/div><div class=\"w-separator size_small\"><\/div><div class=\"wpb_text_column\"><div class=\"wpb_wrapper\"><p style=\"text-align: left;\">La gama de acabados para la construcci\u00f3n de Tac by Canet son de f\u00e1cil instalaci\u00f3n y libre mantenimiento.<\/p>\n<\/div><\/div><div class=\"w-separator size_medium\"><\/div><div class=\"w-hwrapper align_left valign_top\" style=\"--hwrapper-gap:1.20rem\"><div class=\"w-btn-wrapper align_left\"><a class=\"w-btn us-btn-style_1\" href=\"https:\/\/tacbycanet.com\/nicaragua\/acabados\"><span class=\"w-btn-label\">VER M\u00c1S<\/span><\/a><\/div><\/div><\/div><\/div><\/div><\/div><\/section><section class=\"l-section wpb_row height_auto\"><div class=\"l-section-h i-cf\"><div class=\"g-cols vc_row via_grid cols_1 laptops-cols_inherit tablets-cols_inherit mobiles-cols_1 valign_top type_default stacking_default\"><div class=\"wpb_column vc_column_container\"><div class=\"vc_column-inner\"><div class=\"w-separator size_small\"><\/div><\/div><\/div><\/div><\/div><\/section>\n","protected":false},"excerpt":{"rendered":"Nuevo: Pisos SPC \u00a1Descubre la elegancia y durabilidad incomparables con el piso SPC de Tac By Canet! VER M\u00c1STablilla decorativa Ideales para brindar un elegante acabado a cada espacio de su hogar, adem\u00e1s se adapta en interiores. VER M\u00c1SPared de PVC Descubra la revoluci\u00f3n en dise\u00f1o interior con las paredes de PVC de Tac By...","protected":false},"author":2,"featured_media":0,"parent":0,"menu_order":0,"comment_status":"closed","ping_status":"closed","template":"","meta":{"footnotes":""},"class_list":["post-2306","page","type-page","status-publish","hentry"],"yoast_head":"<!-- This site is optimized with the Yoast SEO plugin v27.2 - https:\/\/yoast.com\/product\/yoast-seo-wordpress\/ -->\n<title>Productos - TAC by Canet<\/title>\n<meta name=\"robots\" content=\"index, follow, max-snippet:-1, max-image-preview:large, max-video-preview:-1\" \/>\n<link rel=\"canonical\" href=\"https:\/\/tacbycanet.com\/nicaragua\/catalogo-de-productos\/\" \/>\n<meta property=\"og:locale\" content=\"es_ES\" \/>\n<meta property=\"og:type\" content=\"article\" \/>\n<meta property=\"og:title\" content=\"Productos - TAC by Canet\" \/>\n<meta property=\"og:url\" content=\"https:\/\/tacbycanet.com\/nicaragua\/catalogo-de-productos\/\" \/>\n<meta property=\"og:site_name\" content=\"TAC by Canet\" \/>\n<meta property=\"article:modified_time\" content=\"2024-05-29T16:12:53+00:00\" \/>\n<meta name=\"twitter:card\" content=\"summary_large_image\" \/>\n<meta name=\"twitter:label1\" content=\"Tiempo de lectura\" \/>\n\t<meta name=\"twitter:data1\" content=\"3 minutos\" \/>\n<script type=\"application\/ld+json\" class=\"yoast-schema-graph\">{\"@context\":\"https:\/\/schema.org\",\"@graph\":[{\"@type\":\"WebPage\",\"@id\":\"https:\/\/tacbycanet.com\/nicaragua\/catalogo-de-productos\/\",\"url\":\"https:\/\/tacbycanet.com\/nicaragua\/catalogo-de-productos\/\",\"name\":\"Productos - TAC by Canet\",\"isPartOf\":{\"@id\":\"https:\/\/tacbycanet.com\/nicaragua\/#website\"},\"datePublished\":\"2023-06-28T04:40:59+00:00\",\"dateModified\":\"2024-05-29T16:12:53+00:00\",\"breadcrumb\":{\"@id\":\"https:\/\/tacbycanet.com\/nicaragua\/catalogo-de-productos\/#breadcrumb\"},\"inLanguage\":\"es\",\"potentialAction\":[{\"@type\":\"ReadAction\",\"target\":[\"https:\/\/tacbycanet.com\/nicaragua\/catalogo-de-productos\/\"]}]},{\"@type\":\"BreadcrumbList\",\"@id\":\"https:\/\/tacbycanet.com\/nicaragua\/catalogo-de-productos\/#breadcrumb\",\"itemListElement\":[{\"@type\":\"ListItem\",\"position\":1,\"name\":\"Portada\",\"item\":\"https:\/\/tacbycanet.com\/nicaragua\/\"},{\"@type\":\"ListItem\",\"position\":2,\"name\":\"Productos\"}]},{\"@type\":\"WebSite\",\"@id\":\"https:\/\/tacbycanet.com\/nicaragua\/#website\",\"url\":\"https:\/\/tacbycanet.com\/nicaragua\/\",\"name\":\"TAC by Canet\",\"description\":\"\",\"potentialAction\":[{\"@type\":\"SearchAction\",\"target\":{\"@type\":\"EntryPoint\",\"urlTemplate\":\"https:\/\/tacbycanet.com\/nicaragua\/?s={search_term_string}\"},\"query-input\":{\"@type\":\"PropertyValueSpecification\",\"valueRequired\":true,\"valueName\":\"search_term_string\"}}],\"inLanguage\":\"es\"}]}<\/script>\n<!-- \/ Yoast SEO plugin. -->","yoast_head_json":{"title":"Productos - TAC by Canet","robots":{"index":"index","follow":"follow","max-snippet":"max-snippet:-1","max-image-preview":"max-image-preview:large","max-video-preview":"max-video-preview:-1"},"canonical":"https:\/\/tacbycanet.com\/nicaragua\/catalogo-de-productos\/","og_locale":"es_ES","og_type":"article","og_title":"Productos - TAC by Canet","og_url":"https:\/\/tacbycanet.com\/nicaragua\/catalogo-de-productos\/","og_site_name":"TAC by Canet","article_modified_time":"2024-05-29T16:12:53+00:00","twitter_card":"summary_large_image","twitter_misc":{"Tiempo de lectura":"3 minutos"},"schema":{"@context":"https:\/\/schema.org","@graph":[{"@type":"WebPage","@id":"https:\/\/tacbycanet.com\/nicaragua\/catalogo-de-productos\/","url":"https:\/\/tacbycanet.com\/nicaragua\/catalogo-de-productos\/","name":"Productos - TAC by Canet","isPartOf":{"@id":"https:\/\/tacbycanet.com\/nicaragua\/#website"},"datePublished":"2023-06-28T04:40:59+00:00","dateModified":"2024-05-29T16:12:53+00:00","breadcrumb":{"@id":"https:\/\/tacbycanet.com\/nicaragua\/catalogo-de-productos\/#breadcrumb"},"inLanguage":"es","potentialAction":[{"@type":"ReadAction","target":["https:\/\/tacbycanet.com\/nicaragua\/catalogo-de-productos\/"]}]},{"@type":"BreadcrumbList","@id":"https:\/\/tacbycanet.com\/nicaragua\/catalogo-de-productos\/#breadcrumb","itemListElement":[{"@type":"ListItem","position":1,"name":"Portada","item":"https:\/\/tacbycanet.com\/nicaragua\/"},{"@type":"ListItem","position":2,"name":"Productos"}]},{"@type":"WebSite","@id":"https:\/\/tacbycanet.com\/nicaragua\/#website","url":"https:\/\/tacbycanet.com\/nicaragua\/","name":"TAC by Canet","description":"","potentialAction":[{"@type":"SearchAction","target":{"@type":"EntryPoint","urlTemplate":"https:\/\/tacbycanet.com\/nicaragua\/?s={search_term_string}"},"query-input":{"@type":"PropertyValueSpecification","valueRequired":true,"valueName":"search_term_string"}}],"inLanguage":"es"}]}},"_links":{"self":[{"href":"https:\/\/tacbycanet.com\/nicaragua\/wp-json\/wp\/v2\/pages\/2306","targetHints":{"allow":["GET"]}}],"collection":[{"href":"https:\/\/tacbycanet.com\/nicaragua\/wp-json\/wp\/v2\/pages"}],"about":[{"href":"https:\/\/tacbycanet.com\/nicaragua\/wp-json\/wp\/v2\/types\/page"}],"author":[{"embeddable":true,"href":"https:\/\/tacbycanet.com\/nicaragua\/wp-json\/wp\/v2\/users\/2"}],"replies":[{"embeddable":true,"href":"https:\/\/tacbycanet.com\/nicaragua\/wp-json\/wp\/v2\/comments?post=2306"}],"version-history":[{"count":5,"href":"https:\/\/tacbycanet.com\/nicaragua\/wp-json\/wp\/v2\/pages\/2306\/revisions"}],"predecessor-version":[{"id":4012,"href":"https:\/\/tacbycanet.com\/nicaragua\/wp-json\/wp\/v2\/pages\/2306\/revisions\/4012"}],"wp:attachment":[{"href":"https:\/\/tacbycanet.com\/nicaragua\/wp-json\/wp\/v2\/media?parent=2306"}],"curies":[{"name":"wp","href":"https:\/\/api.w.org\/{rel}","templated":true}]}}