{"id":2759,"date":"2023-11-29T09:18:35","date_gmt":"2023-11-29T15:18:35","guid":{"rendered":"https:\/\/tacnuevo.wpenginepowered.com\/producto\/prensa-para-tablilla-de-pared\/"},"modified":"2024-05-23T10:12:29","modified_gmt":"2024-05-23T16:12:29","slug":"prensa-para-tablilla-de-pared","status":"publish","type":"product","link":"https:\/\/tacbycanet.com\/nicaragua\/producto\/prensa-para-tablilla-de-pared\/","title":{"rendered":"PRENSA PARA TABLILLA DE PARED"},"content":{"rendered":"<p><strong>Descripci\u00f3n:<\/strong><\/p>\n<p>Nuestros paneles de PVC para pared brindan un acabado moderno, son de libre mantenimiento, f\u00e1cil instalaci\u00f3n y lo m\u00e1s importante se adapta a cualquier tipo de decoraci\u00f3n. No es porosa, fibrosa o absorbente y la composici\u00f3n este producto es el Policloruro de Vinilo, un compuesto conocido comercialmente como PVC que es un derivado del pl\u00e1stico m\u00e1s vers\u00e1til, gracias a la resina termopl\u00e1stica que resulta del proceso de polimerizaci\u00f3n del policloruro de vinilo. Su estructura tipo colmena la hace muy resistente comparado con otros sistemas livianos de construcci\u00f3n<\/p>\n<p><strong>Ventajas:<\/strong><\/p>\n<p>\u2022 Mayor durabilidad, gracias a su estructura tipo colmena.<br \/>\n\u2022 Libre de mantenimiento, no requiere acabado, ni puntura.<br \/>\n\u2022Facil de Instalar<br \/>\n\u2022 Retardante al Fuego<br \/>\n\u2022 Protecci\u00f3n t\u00e9rmica<\/p>\n<p><strong>Usos:<\/strong><\/p>\n<p>Espacios interiores.<\/p>\n<p><strong>Aplicaciones:<\/strong><\/p>\n<p>Comercios<br \/>\nOficinas<br \/>\nHogar<\/p>\n<p><strong>Tonos disponibles:<\/strong><\/p>\n<p>BLANCO<br \/>\nBLANCO TIZA<br \/>\nBEIGE<br \/>\nGRIS<\/p>\n","protected":false},"excerpt":{"rendered":"<p>Descripci\u00f3n: Nuestros paneles de PVC para pared brindan un acabado moderno, son de libre mantenimiento, f\u00e1cil instalaci\u00f3n y lo m\u00e1s importante se adapta a cualquier tipo de decoraci\u00f3n. No es porosa, fibrosa o absorbente y la composici\u00f3n este producto es el Policloruro de Vinilo, un compuesto conocido comercialmente como PVC que es un derivado del&#8230;<\/p>\n","protected":false},"featured_media":0,"template":"","meta":[],"product_brand":[],"product_cat":[59,45,43,44],"product_tag":[],"class_list":{"0":"post-2759","1":"product","2":"type-product","3":"status-publish","5":"product_cat-acabados","6":"product_cat-accesorios-pared-pvc","7":"product_cat-pared","8":"product_cat-pared-pvc","10":"first","11":"instock","12":"shipping-taxable","13":"purchasable","14":"product-type-simple"},"yoast_head":"<!-- This site is optimized with the Yoast SEO plugin v27.2 - https:\/\/yoast.com\/product\/yoast-seo-wordpress\/ -->\n<title>PRENSA PARA TABLILLA DE PARED - TAC by Canet<\/title>\n<meta name=\"robots\" content=\"index, follow, max-snippet:-1, max-image-preview:large, max-video-preview:-1\" \/>\n<link rel=\"canonical\" href=\"https:\/\/tacbycanet.com\/nicaragua\/producto\/prensa-para-tablilla-de-pared\/\" \/>\n<meta property=\"og:locale\" content=\"es_ES\" \/>\n<meta property=\"og:type\" content=\"article\" \/>\n<meta property=\"og:title\" content=\"PRENSA PARA TABLILLA DE PARED - TAC by Canet\" \/>\n<meta property=\"og:description\" content=\"Descripci\u00f3n: Nuestros paneles de PVC para pared brindan un acabado moderno, son de libre mantenimiento, f\u00e1cil instalaci\u00f3n y lo m\u00e1s importante se adapta a cualquier tipo de decoraci\u00f3n. No es porosa, fibrosa o absorbente y la composici\u00f3n este producto es el Policloruro de Vinilo, un compuesto conocido comercialmente como PVC que es un derivado del...\" \/>\n<meta property=\"og:url\" content=\"https:\/\/tacbycanet.com\/nicaragua\/producto\/prensa-para-tablilla-de-pared\/\" \/>\n<meta property=\"og:site_name\" content=\"TAC by Canet\" \/>\n<meta property=\"article:modified_time\" content=\"2024-05-23T16:12:29+00:00\" \/>\n<meta name=\"twitter:card\" content=\"summary_large_image\" \/>\n<meta name=\"twitter:label1\" content=\"Tiempo de lectura\" \/>\n\t<meta name=\"twitter:data1\" content=\"1 minuto\" \/>\n<script type=\"application\/ld+json\" class=\"yoast-schema-graph\">{\"@context\":\"https:\/\/schema.org\",\"@graph\":[{\"@type\":\"WebPage\",\"@id\":\"https:\/\/tacbycanet.com\/nicaragua\/producto\/prensa-para-tablilla-de-pared\/\",\"url\":\"https:\/\/tacbycanet.com\/nicaragua\/producto\/prensa-para-tablilla-de-pared\/\",\"name\":\"PRENSA PARA TABLILLA DE PARED - TAC by Canet\",\"isPartOf\":{\"@id\":\"https:\/\/tacbycanet.com\/nicaragua\/#website\"},\"datePublished\":\"2023-11-29T15:18:35+00:00\",\"dateModified\":\"2024-05-23T16:12:29+00:00\",\"breadcrumb\":{\"@id\":\"https:\/\/tacbycanet.com\/nicaragua\/producto\/prensa-para-tablilla-de-pared\/#breadcrumb\"},\"inLanguage\":\"es\",\"potentialAction\":[{\"@type\":\"ReadAction\",\"target\":[\"https:\/\/tacbycanet.com\/nicaragua\/producto\/prensa-para-tablilla-de-pared\/\"]}]},{\"@type\":\"BreadcrumbList\",\"@id\":\"https:\/\/tacbycanet.com\/nicaragua\/producto\/prensa-para-tablilla-de-pared\/#breadcrumb\",\"itemListElement\":[{\"@type\":\"ListItem\",\"position\":1,\"name\":\"Portada\",\"item\":\"https:\/\/tacbycanet.com\/nicaragua\/\"},{\"@type\":\"ListItem\",\"position\":2,\"name\":\"Shop\",\"item\":\"https:\/\/tacbycanet.com\/nicaragua\/shop\/\"},{\"@type\":\"ListItem\",\"position\":3,\"name\":\"PRENSA PARA TABLILLA DE PARED\"}]},{\"@type\":\"WebSite\",\"@id\":\"https:\/\/tacbycanet.com\/nicaragua\/#website\",\"url\":\"https:\/\/tacbycanet.com\/nicaragua\/\",\"name\":\"TAC by Canet\",\"description\":\"\",\"potentialAction\":[{\"@type\":\"SearchAction\",\"target\":{\"@type\":\"EntryPoint\",\"urlTemplate\":\"https:\/\/tacbycanet.com\/nicaragua\/?s={search_term_string}\"},\"query-input\":{\"@type\":\"PropertyValueSpecification\",\"valueRequired\":true,\"valueName\":\"search_term_string\"}}],\"inLanguage\":\"es\"}]}<\/script>\n<!-- \/ Yoast SEO plugin. -->","yoast_head_json":{"title":"PRENSA PARA TABLILLA DE PARED - TAC by Canet","robots":{"index":"index","follow":"follow","max-snippet":"max-snippet:-1","max-image-preview":"max-image-preview:large","max-video-preview":"max-video-preview:-1"},"canonical":"https:\/\/tacbycanet.com\/nicaragua\/producto\/prensa-para-tablilla-de-pared\/","og_locale":"es_ES","og_type":"article","og_title":"PRENSA PARA TABLILLA DE PARED - TAC by Canet","og_description":"Descripci\u00f3n: Nuestros paneles de PVC para pared brindan un acabado moderno, son de libre mantenimiento, f\u00e1cil instalaci\u00f3n y lo m\u00e1s importante se adapta a cualquier tipo de decoraci\u00f3n. No es porosa, fibrosa o absorbente y la composici\u00f3n este producto es el Policloruro de Vinilo, un compuesto conocido comercialmente como PVC que es un derivado del...","og_url":"https:\/\/tacbycanet.com\/nicaragua\/producto\/prensa-para-tablilla-de-pared\/","og_site_name":"TAC by Canet","article_modified_time":"2024-05-23T16:12:29+00:00","twitter_card":"summary_large_image","twitter_misc":{"Tiempo de lectura":"1 minuto"},"schema":{"@context":"https:\/\/schema.org","@graph":[{"@type":"WebPage","@id":"https:\/\/tacbycanet.com\/nicaragua\/producto\/prensa-para-tablilla-de-pared\/","url":"https:\/\/tacbycanet.com\/nicaragua\/producto\/prensa-para-tablilla-de-pared\/","name":"PRENSA PARA TABLILLA DE PARED - TAC by Canet","isPartOf":{"@id":"https:\/\/tacbycanet.com\/nicaragua\/#website"},"datePublished":"2023-11-29T15:18:35+00:00","dateModified":"2024-05-23T16:12:29+00:00","breadcrumb":{"@id":"https:\/\/tacbycanet.com\/nicaragua\/producto\/prensa-para-tablilla-de-pared\/#breadcrumb"},"inLanguage":"es","potentialAction":[{"@type":"ReadAction","target":["https:\/\/tacbycanet.com\/nicaragua\/producto\/prensa-para-tablilla-de-pared\/"]}]},{"@type":"BreadcrumbList","@id":"https:\/\/tacbycanet.com\/nicaragua\/producto\/prensa-para-tablilla-de-pared\/#breadcrumb","itemListElement":[{"@type":"ListItem","position":1,"name":"Portada","item":"https:\/\/tacbycanet.com\/nicaragua\/"},{"@type":"ListItem","position":2,"name":"Shop","item":"https:\/\/tacbycanet.com\/nicaragua\/shop\/"},{"@type":"ListItem","position":3,"name":"PRENSA PARA TABLILLA DE PARED"}]},{"@type":"WebSite","@id":"https:\/\/tacbycanet.com\/nicaragua\/#website","url":"https:\/\/tacbycanet.com\/nicaragua\/","name":"TAC by Canet","description":"","potentialAction":[{"@type":"SearchAction","target":{"@type":"EntryPoint","urlTemplate":"https:\/\/tacbycanet.com\/nicaragua\/?s={search_term_string}"},"query-input":{"@type":"PropertyValueSpecification","valueRequired":true,"valueName":"search_term_string"}}],"inLanguage":"es"}]}},"_links":{"self":[{"href":"https:\/\/tacbycanet.com\/nicaragua\/wp-json\/wp\/v2\/product\/2759","targetHints":{"allow":["GET"]}}],"collection":[{"href":"https:\/\/tacbycanet.com\/nicaragua\/wp-json\/wp\/v2\/product"}],"about":[{"href":"https:\/\/tacbycanet.com\/nicaragua\/wp-json\/wp\/v2\/types\/product"}],"wp:attachment":[{"href":"https:\/\/tacbycanet.com\/nicaragua\/wp-json\/wp\/v2\/media?parent=2759"}],"wp:term":[{"taxonomy":"product_brand","embeddable":true,"href":"https:\/\/tacbycanet.com\/nicaragua\/wp-json\/wp\/v2\/product_brand?post=2759"},{"taxonomy":"product_cat","embeddable":true,"href":"https:\/\/tacbycanet.com\/nicaragua\/wp-json\/wp\/v2\/product_cat?post=2759"},{"taxonomy":"product_tag","embeddable":true,"href":"https:\/\/tacbycanet.com\/nicaragua\/wp-json\/wp\/v2\/product_tag?post=2759"}],"curies":[{"name":"wp","href":"https:\/\/api.w.org\/{rel}","templated":true}]}}