{"id":3565,"date":"2024-04-11T20:32:44","date_gmt":"2024-04-12T02:32:44","guid":{"rendered":"https:\/\/tacbycanet.com\/?post_type=product&#038;p=3565"},"modified":"2025-11-03T20:14:56","modified_gmt":"2025-11-04T02:14:56","slug":"rodapie","status":"publish","type":"product","link":"https:\/\/tacbycanet.com\/nicaragua\/producto\/rodapie\/","title":{"rendered":"RODAPIE"},"content":{"rendered":"<p><strong>Descripci\u00f3n:<\/strong><\/p>\n<p>Es un perfil fabricado en PVC flexible, cuyo uso es destinado a dar un mejor acabado a las paredes. Su estructura y material de PVC facilita la limpieza, evitando la acumulaci\u00f3n de g\u00e9rmenes y suciedad. Gracias a su sencilla colocaci\u00f3n, es ideal para trabajos de remodelaci\u00f3n o para proyectos donde sea necesario un alto rendimiento del material. Disponible en una gama de colores. Formato en piezas de 2,40 m. Su flexibilidad permite su uso en curvas y zonas donde sea necesario un rodapi\u00e9 que se adapte al soporte. Se adhiere con masilla o pegamento de contacto.<\/p>\n<p><strong>Tonos disponibles Rodapi\u00e9 10cm:<\/strong><\/p>\n<p>Teca<br \/>\nCaf\u00e9 Claro<br \/>\nCaf\u00e9<br \/>\nCaf\u00e9 Oscuro<br \/>\nNegro<\/p>\n<p><strong>Tonos disponibles Rodapi\u00e9 8,5cm:<\/strong><\/p>\n<p>Caf\u00e9 Claro<br \/>\nCaf\u00e9 Oscuro<br \/>\nNegro<\/p>\n","protected":false},"excerpt":{"rendered":"<p>Descripci\u00f3n: Es un perfil fabricado en PVC flexible, cuyo uso es destinado a dar un mejor acabado a las paredes. Su estructura y material de PVC facilita la limpieza, evitando la acumulaci\u00f3n de g\u00e9rmenes y suciedad. Gracias a su sencilla colocaci\u00f3n, es ideal para trabajos de remodelaci\u00f3n o para proyectos donde sea necesario un alto&#8230;<\/p>\n","protected":false},"featured_media":3203,"template":"","meta":[],"product_brand":[],"product_cat":[59,54,53],"product_tag":[],"class_list":{"0":"post-3565","1":"product","2":"type-product","3":"status-publish","4":"has-post-thumbnail","6":"product_cat-acabados","7":"product_cat-accesorios-para-tablilla","8":"product_cat-rodapie","10":"first","11":"instock","12":"shipping-taxable","13":"purchasable","14":"product-type-variable"},"yoast_head":"<!-- This site is optimized with the Yoast SEO plugin v27.2 - https:\/\/yoast.com\/product\/yoast-seo-wordpress\/ -->\n<title>RODAPIE - TAC by Canet<\/title>\n<meta name=\"robots\" content=\"index, follow, max-snippet:-1, max-image-preview:large, max-video-preview:-1\" \/>\n<link rel=\"canonical\" href=\"https:\/\/tacbycanet.com\/nicaragua\/producto\/rodapie\/\" \/>\n<meta property=\"og:locale\" content=\"es_ES\" \/>\n<meta property=\"og:type\" content=\"article\" \/>\n<meta property=\"og:title\" content=\"RODAPIE - TAC by Canet\" \/>\n<meta property=\"og:description\" content=\"Descripci\u00f3n: Es un perfil fabricado en PVC flexible, cuyo uso es destinado a dar un mejor acabado a las paredes. Su estructura y material de PVC facilita la limpieza, evitando la acumulaci\u00f3n de g\u00e9rmenes y suciedad. Gracias a su sencilla colocaci\u00f3n, es ideal para trabajos de remodelaci\u00f3n o para proyectos donde sea necesario un alto...\" \/>\n<meta property=\"og:url\" content=\"https:\/\/tacbycanet.com\/nicaragua\/producto\/rodapie\/\" \/>\n<meta property=\"og:site_name\" content=\"TAC by Canet\" \/>\n<meta property=\"article:modified_time\" content=\"2025-11-04T02:14:56+00:00\" \/>\n<meta property=\"og:image\" content=\"https:\/\/tacbycanet.com\/nicaragua\/wp-content\/uploads\/2024\/01\/08-01-0001-Rodapie-6.5-Cafe-02-scaled.jpg\" \/>\n\t<meta property=\"og:image:width\" content=\"2560\" \/>\n\t<meta property=\"og:image:height\" content=\"1291\" \/>\n\t<meta property=\"og:image:type\" content=\"image\/jpeg\" \/>\n<meta name=\"twitter:card\" content=\"summary_large_image\" \/>\n<meta name=\"twitter:label1\" content=\"Tiempo de lectura\" \/>\n\t<meta name=\"twitter:data1\" content=\"1 minuto\" \/>\n<script type=\"application\/ld+json\" class=\"yoast-schema-graph\">{\"@context\":\"https:\/\/schema.org\",\"@graph\":[{\"@type\":\"WebPage\",\"@id\":\"https:\/\/tacbycanet.com\/nicaragua\/producto\/rodapie\/\",\"url\":\"https:\/\/tacbycanet.com\/nicaragua\/producto\/rodapie\/\",\"name\":\"RODAPIE - TAC by Canet\",\"isPartOf\":{\"@id\":\"https:\/\/tacbycanet.com\/nicaragua\/#website\"},\"primaryImageOfPage\":{\"@id\":\"https:\/\/tacbycanet.com\/nicaragua\/producto\/rodapie\/#primaryimage\"},\"image\":{\"@id\":\"https:\/\/tacbycanet.com\/nicaragua\/producto\/rodapie\/#primaryimage\"},\"thumbnailUrl\":\"https:\/\/tacbycanet.com\/nicaragua\/wp-content\/uploads\/2024\/01\/08-01-0001-Rodapie-6.5-Cafe-02-scaled.jpg\",\"datePublished\":\"2024-04-12T02:32:44+00:00\",\"dateModified\":\"2025-11-04T02:14:56+00:00\",\"breadcrumb\":{\"@id\":\"https:\/\/tacbycanet.com\/nicaragua\/producto\/rodapie\/#breadcrumb\"},\"inLanguage\":\"es\",\"potentialAction\":[{\"@type\":\"ReadAction\",\"target\":[\"https:\/\/tacbycanet.com\/nicaragua\/producto\/rodapie\/\"]}]},{\"@type\":\"ImageObject\",\"inLanguage\":\"es\",\"@id\":\"https:\/\/tacbycanet.com\/nicaragua\/producto\/rodapie\/#primaryimage\",\"url\":\"https:\/\/tacbycanet.com\/nicaragua\/wp-content\/uploads\/2024\/01\/08-01-0001-Rodapie-6.5-Cafe-02-scaled.jpg\",\"contentUrl\":\"https:\/\/tacbycanet.com\/nicaragua\/wp-content\/uploads\/2024\/01\/08-01-0001-Rodapie-6.5-Cafe-02-scaled.jpg\",\"width\":2560,\"height\":1291},{\"@type\":\"BreadcrumbList\",\"@id\":\"https:\/\/tacbycanet.com\/nicaragua\/producto\/rodapie\/#breadcrumb\",\"itemListElement\":[{\"@type\":\"ListItem\",\"position\":1,\"name\":\"Portada\",\"item\":\"https:\/\/tacbycanet.com\/nicaragua\/\"},{\"@type\":\"ListItem\",\"position\":2,\"name\":\"Shop\",\"item\":\"https:\/\/tacbycanet.com\/nicaragua\/shop\/\"},{\"@type\":\"ListItem\",\"position\":3,\"name\":\"RODAPIE\"}]},{\"@type\":\"WebSite\",\"@id\":\"https:\/\/tacbycanet.com\/nicaragua\/#website\",\"url\":\"https:\/\/tacbycanet.com\/nicaragua\/\",\"name\":\"TAC by Canet\",\"description\":\"\",\"potentialAction\":[{\"@type\":\"SearchAction\",\"target\":{\"@type\":\"EntryPoint\",\"urlTemplate\":\"https:\/\/tacbycanet.com\/nicaragua\/?s={search_term_string}\"},\"query-input\":{\"@type\":\"PropertyValueSpecification\",\"valueRequired\":true,\"valueName\":\"search_term_string\"}}],\"inLanguage\":\"es\"}]}<\/script>\n<!-- \/ Yoast SEO plugin. -->","yoast_head_json":{"title":"RODAPIE - TAC by Canet","robots":{"index":"index","follow":"follow","max-snippet":"max-snippet:-1","max-image-preview":"max-image-preview:large","max-video-preview":"max-video-preview:-1"},"canonical":"https:\/\/tacbycanet.com\/nicaragua\/producto\/rodapie\/","og_locale":"es_ES","og_type":"article","og_title":"RODAPIE - TAC by Canet","og_description":"Descripci\u00f3n: Es un perfil fabricado en PVC flexible, cuyo uso es destinado a dar un mejor acabado a las paredes. Su estructura y material de PVC facilita la limpieza, evitando la acumulaci\u00f3n de g\u00e9rmenes y suciedad. Gracias a su sencilla colocaci\u00f3n, es ideal para trabajos de remodelaci\u00f3n o para proyectos donde sea necesario un alto...","og_url":"https:\/\/tacbycanet.com\/nicaragua\/producto\/rodapie\/","og_site_name":"TAC by Canet","article_modified_time":"2025-11-04T02:14:56+00:00","og_image":[{"width":2560,"height":1291,"url":"https:\/\/tacbycanet.com\/nicaragua\/wp-content\/uploads\/2024\/01\/08-01-0001-Rodapie-6.5-Cafe-02-scaled.jpg","type":"image\/jpeg"}],"twitter_card":"summary_large_image","twitter_misc":{"Tiempo de lectura":"1 minuto"},"schema":{"@context":"https:\/\/schema.org","@graph":[{"@type":"WebPage","@id":"https:\/\/tacbycanet.com\/nicaragua\/producto\/rodapie\/","url":"https:\/\/tacbycanet.com\/nicaragua\/producto\/rodapie\/","name":"RODAPIE - TAC by Canet","isPartOf":{"@id":"https:\/\/tacbycanet.com\/nicaragua\/#website"},"primaryImageOfPage":{"@id":"https:\/\/tacbycanet.com\/nicaragua\/producto\/rodapie\/#primaryimage"},"image":{"@id":"https:\/\/tacbycanet.com\/nicaragua\/producto\/rodapie\/#primaryimage"},"thumbnailUrl":"https:\/\/tacbycanet.com\/nicaragua\/wp-content\/uploads\/2024\/01\/08-01-0001-Rodapie-6.5-Cafe-02-scaled.jpg","datePublished":"2024-04-12T02:32:44+00:00","dateModified":"2025-11-04T02:14:56+00:00","breadcrumb":{"@id":"https:\/\/tacbycanet.com\/nicaragua\/producto\/rodapie\/#breadcrumb"},"inLanguage":"es","potentialAction":[{"@type":"ReadAction","target":["https:\/\/tacbycanet.com\/nicaragua\/producto\/rodapie\/"]}]},{"@type":"ImageObject","inLanguage":"es","@id":"https:\/\/tacbycanet.com\/nicaragua\/producto\/rodapie\/#primaryimage","url":"https:\/\/tacbycanet.com\/nicaragua\/wp-content\/uploads\/2024\/01\/08-01-0001-Rodapie-6.5-Cafe-02-scaled.jpg","contentUrl":"https:\/\/tacbycanet.com\/nicaragua\/wp-content\/uploads\/2024\/01\/08-01-0001-Rodapie-6.5-Cafe-02-scaled.jpg","width":2560,"height":1291},{"@type":"BreadcrumbList","@id":"https:\/\/tacbycanet.com\/nicaragua\/producto\/rodapie\/#breadcrumb","itemListElement":[{"@type":"ListItem","position":1,"name":"Portada","item":"https:\/\/tacbycanet.com\/nicaragua\/"},{"@type":"ListItem","position":2,"name":"Shop","item":"https:\/\/tacbycanet.com\/nicaragua\/shop\/"},{"@type":"ListItem","position":3,"name":"RODAPIE"}]},{"@type":"WebSite","@id":"https:\/\/tacbycanet.com\/nicaragua\/#website","url":"https:\/\/tacbycanet.com\/nicaragua\/","name":"TAC by Canet","description":"","potentialAction":[{"@type":"SearchAction","target":{"@type":"EntryPoint","urlTemplate":"https:\/\/tacbycanet.com\/nicaragua\/?s={search_term_string}"},"query-input":{"@type":"PropertyValueSpecification","valueRequired":true,"valueName":"search_term_string"}}],"inLanguage":"es"}]}},"_links":{"self":[{"href":"https:\/\/tacbycanet.com\/nicaragua\/wp-json\/wp\/v2\/product\/3565","targetHints":{"allow":["GET"]}}],"collection":[{"href":"https:\/\/tacbycanet.com\/nicaragua\/wp-json\/wp\/v2\/product"}],"about":[{"href":"https:\/\/tacbycanet.com\/nicaragua\/wp-json\/wp\/v2\/types\/product"}],"wp:featuredmedia":[{"embeddable":true,"href":"https:\/\/tacbycanet.com\/nicaragua\/wp-json\/wp\/v2\/media\/3203"}],"wp:attachment":[{"href":"https:\/\/tacbycanet.com\/nicaragua\/wp-json\/wp\/v2\/media?parent=3565"}],"wp:term":[{"taxonomy":"product_brand","embeddable":true,"href":"https:\/\/tacbycanet.com\/nicaragua\/wp-json\/wp\/v2\/product_brand?post=3565"},{"taxonomy":"product_cat","embeddable":true,"href":"https:\/\/tacbycanet.com\/nicaragua\/wp-json\/wp\/v2\/product_cat?post=3565"},{"taxonomy":"product_tag","embeddable":true,"href":"https:\/\/tacbycanet.com\/nicaragua\/wp-json\/wp\/v2\/product_tag?post=3565"}],"curies":[{"name":"wp","href":"https:\/\/api.w.org\/{rel}","templated":true}]}}