{"id":3653,"date":"2024-04-11T19:48:42","date_gmt":"2024-04-12T01:48:42","guid":{"rendered":"https:\/\/tacbycanet.com\/?post_type=product&#038;p=3653"},"modified":"2025-01-29T12:25:14","modified_gmt":"2025-01-29T18:25:14","slug":"cornisa-2-40m","status":"publish","type":"product","link":"https:\/\/tacbycanet.com\/nicaragua\/producto\/cornisa-2-40m\/","title":{"rendered":"CORNISA 2.40M"},"content":{"rendered":"<p><strong>Descripci\u00f3n: <\/strong><\/p>\n<p>D\u00e9 un nuevo estilo a su techo o pared con las cornisas de PVC que son el complemento perfecto para la instalaci\u00f3n y acabados de los cielos rasos de PVC o tablilla. Elegantes, cl\u00e1sicas, duraderas y de la m\u00e1s alta calidad.<br \/>\nLa cornisa es un elemento arquitect\u00f3nico decorativo tradicionalmente decorativa por definici\u00f3n. Es el borde exterior de una estructura en la reuni\u00f3n del techo y la pared abri\u00e9ndose gran camino en la decoraci\u00f3n de interiores con diferentes estilos decorativos.<\/p>\n<p><strong>Tonos disponibles 2,40m:<\/strong><\/p>\n<p>Blanca<br \/>\nAmarilla<br \/>\nCaf\u00e9 Claro<br \/>\nCaf\u00e9<br \/>\nCaf\u00e9 Oscuro<br \/>\nSecoya<\/p>\n","protected":false},"excerpt":{"rendered":"<p>Descripci\u00f3n: D\u00e9 un nuevo estilo a su techo o pared con las cornisas de PVC que son el complemento perfecto para la instalaci\u00f3n y acabados de los cielos rasos de PVC o tablilla. Elegantes, cl\u00e1sicas, duraderas y de la m\u00e1s alta calidad. La cornisa es un elemento arquitect\u00f3nico decorativo tradicionalmente decorativa por definici\u00f3n. Es el&#8230;<\/p>\n","protected":false},"featured_media":3225,"template":"","meta":[],"product_brand":[],"product_cat":[59,54,56],"product_tag":[],"class_list":{"0":"post-3653","1":"product","2":"type-product","3":"status-publish","4":"has-post-thumbnail","6":"product_cat-acabados","7":"product_cat-accesorios-para-tablilla","8":"product_cat-cornisa","10":"first","11":"instock","12":"shipping-taxable","13":"purchasable","14":"product-type-variable"},"yoast_head":"<!-- This site is optimized with the Yoast SEO plugin v27.2 - https:\/\/yoast.com\/product\/yoast-seo-wordpress\/ -->\n<title>CORNISA 2.40M - TAC by Canet<\/title>\n<meta name=\"robots\" content=\"index, follow, max-snippet:-1, max-image-preview:large, max-video-preview:-1\" \/>\n<link rel=\"canonical\" href=\"https:\/\/tacbycanet.com\/nicaragua\/producto\/cornisa-2-40m\/\" \/>\n<meta property=\"og:locale\" content=\"es_ES\" \/>\n<meta property=\"og:type\" content=\"article\" \/>\n<meta property=\"og:title\" content=\"CORNISA 2.40M - TAC by Canet\" \/>\n<meta property=\"og:description\" content=\"Descripci\u00f3n: D\u00e9 un nuevo estilo a su techo o pared con las cornisas de PVC que son el complemento perfecto para la instalaci\u00f3n y acabados de los cielos rasos de PVC o tablilla. Elegantes, cl\u00e1sicas, duraderas y de la m\u00e1s alta calidad. La cornisa es un elemento arquitect\u00f3nico decorativo tradicionalmente decorativa por definici\u00f3n. Es el...\" \/>\n<meta property=\"og:url\" content=\"https:\/\/tacbycanet.com\/nicaragua\/producto\/cornisa-2-40m\/\" \/>\n<meta property=\"og:site_name\" content=\"TAC by Canet\" \/>\n<meta property=\"article:modified_time\" content=\"2025-01-29T18:25:14+00:00\" \/>\n<meta property=\"og:image\" content=\"https:\/\/tacbycanet.com\/nicaragua\/wp-content\/uploads\/2024\/01\/08-07-0005-Cornisas-Cafe-Claro-2-scaled.jpg\" \/>\n\t<meta property=\"og:image:width\" content=\"2560\" \/>\n\t<meta property=\"og:image:height\" content=\"1253\" \/>\n\t<meta property=\"og:image:type\" content=\"image\/jpeg\" \/>\n<meta name=\"twitter:card\" content=\"summary_large_image\" \/>\n<meta name=\"twitter:label1\" content=\"Tiempo de lectura\" \/>\n\t<meta name=\"twitter:data1\" content=\"1 minuto\" \/>\n<script type=\"application\/ld+json\" class=\"yoast-schema-graph\">{\"@context\":\"https:\/\/schema.org\",\"@graph\":[{\"@type\":\"WebPage\",\"@id\":\"https:\/\/tacbycanet.com\/nicaragua\/producto\/cornisa-2-40m\/\",\"url\":\"https:\/\/tacbycanet.com\/nicaragua\/producto\/cornisa-2-40m\/\",\"name\":\"CORNISA 2.40M - TAC by Canet\",\"isPartOf\":{\"@id\":\"https:\/\/tacbycanet.com\/nicaragua\/#website\"},\"primaryImageOfPage\":{\"@id\":\"https:\/\/tacbycanet.com\/nicaragua\/producto\/cornisa-2-40m\/#primaryimage\"},\"image\":{\"@id\":\"https:\/\/tacbycanet.com\/nicaragua\/producto\/cornisa-2-40m\/#primaryimage\"},\"thumbnailUrl\":\"https:\/\/tacbycanet.com\/nicaragua\/wp-content\/uploads\/2024\/01\/08-07-0005-Cornisas-Cafe-Claro-2-scaled.jpg\",\"datePublished\":\"2024-04-12T01:48:42+00:00\",\"dateModified\":\"2025-01-29T18:25:14+00:00\",\"breadcrumb\":{\"@id\":\"https:\/\/tacbycanet.com\/nicaragua\/producto\/cornisa-2-40m\/#breadcrumb\"},\"inLanguage\":\"es\",\"potentialAction\":[{\"@type\":\"ReadAction\",\"target\":[\"https:\/\/tacbycanet.com\/nicaragua\/producto\/cornisa-2-40m\/\"]}]},{\"@type\":\"ImageObject\",\"inLanguage\":\"es\",\"@id\":\"https:\/\/tacbycanet.com\/nicaragua\/producto\/cornisa-2-40m\/#primaryimage\",\"url\":\"https:\/\/tacbycanet.com\/nicaragua\/wp-content\/uploads\/2024\/01\/08-07-0005-Cornisas-Cafe-Claro-2-scaled.jpg\",\"contentUrl\":\"https:\/\/tacbycanet.com\/nicaragua\/wp-content\/uploads\/2024\/01\/08-07-0005-Cornisas-Cafe-Claro-2-scaled.jpg\",\"width\":2560,\"height\":1253},{\"@type\":\"BreadcrumbList\",\"@id\":\"https:\/\/tacbycanet.com\/nicaragua\/producto\/cornisa-2-40m\/#breadcrumb\",\"itemListElement\":[{\"@type\":\"ListItem\",\"position\":1,\"name\":\"Portada\",\"item\":\"https:\/\/tacbycanet.com\/nicaragua\/\"},{\"@type\":\"ListItem\",\"position\":2,\"name\":\"Shop\",\"item\":\"https:\/\/tacbycanet.com\/nicaragua\/shop\/\"},{\"@type\":\"ListItem\",\"position\":3,\"name\":\"CORNISA 2.40M\"}]},{\"@type\":\"WebSite\",\"@id\":\"https:\/\/tacbycanet.com\/nicaragua\/#website\",\"url\":\"https:\/\/tacbycanet.com\/nicaragua\/\",\"name\":\"TAC by Canet\",\"description\":\"\",\"potentialAction\":[{\"@type\":\"SearchAction\",\"target\":{\"@type\":\"EntryPoint\",\"urlTemplate\":\"https:\/\/tacbycanet.com\/nicaragua\/?s={search_term_string}\"},\"query-input\":{\"@type\":\"PropertyValueSpecification\",\"valueRequired\":true,\"valueName\":\"search_term_string\"}}],\"inLanguage\":\"es\"}]}<\/script>\n<!-- \/ Yoast SEO plugin. -->","yoast_head_json":{"title":"CORNISA 2.40M - TAC by Canet","robots":{"index":"index","follow":"follow","max-snippet":"max-snippet:-1","max-image-preview":"max-image-preview:large","max-video-preview":"max-video-preview:-1"},"canonical":"https:\/\/tacbycanet.com\/nicaragua\/producto\/cornisa-2-40m\/","og_locale":"es_ES","og_type":"article","og_title":"CORNISA 2.40M - TAC by Canet","og_description":"Descripci\u00f3n: D\u00e9 un nuevo estilo a su techo o pared con las cornisas de PVC que son el complemento perfecto para la instalaci\u00f3n y acabados de los cielos rasos de PVC o tablilla. Elegantes, cl\u00e1sicas, duraderas y de la m\u00e1s alta calidad. La cornisa es un elemento arquitect\u00f3nico decorativo tradicionalmente decorativa por definici\u00f3n. Es el...","og_url":"https:\/\/tacbycanet.com\/nicaragua\/producto\/cornisa-2-40m\/","og_site_name":"TAC by Canet","article_modified_time":"2025-01-29T18:25:14+00:00","og_image":[{"width":2560,"height":1253,"url":"https:\/\/tacbycanet.com\/nicaragua\/wp-content\/uploads\/2024\/01\/08-07-0005-Cornisas-Cafe-Claro-2-scaled.jpg","type":"image\/jpeg"}],"twitter_card":"summary_large_image","twitter_misc":{"Tiempo de lectura":"1 minuto"},"schema":{"@context":"https:\/\/schema.org","@graph":[{"@type":"WebPage","@id":"https:\/\/tacbycanet.com\/nicaragua\/producto\/cornisa-2-40m\/","url":"https:\/\/tacbycanet.com\/nicaragua\/producto\/cornisa-2-40m\/","name":"CORNISA 2.40M - TAC by Canet","isPartOf":{"@id":"https:\/\/tacbycanet.com\/nicaragua\/#website"},"primaryImageOfPage":{"@id":"https:\/\/tacbycanet.com\/nicaragua\/producto\/cornisa-2-40m\/#primaryimage"},"image":{"@id":"https:\/\/tacbycanet.com\/nicaragua\/producto\/cornisa-2-40m\/#primaryimage"},"thumbnailUrl":"https:\/\/tacbycanet.com\/nicaragua\/wp-content\/uploads\/2024\/01\/08-07-0005-Cornisas-Cafe-Claro-2-scaled.jpg","datePublished":"2024-04-12T01:48:42+00:00","dateModified":"2025-01-29T18:25:14+00:00","breadcrumb":{"@id":"https:\/\/tacbycanet.com\/nicaragua\/producto\/cornisa-2-40m\/#breadcrumb"},"inLanguage":"es","potentialAction":[{"@type":"ReadAction","target":["https:\/\/tacbycanet.com\/nicaragua\/producto\/cornisa-2-40m\/"]}]},{"@type":"ImageObject","inLanguage":"es","@id":"https:\/\/tacbycanet.com\/nicaragua\/producto\/cornisa-2-40m\/#primaryimage","url":"https:\/\/tacbycanet.com\/nicaragua\/wp-content\/uploads\/2024\/01\/08-07-0005-Cornisas-Cafe-Claro-2-scaled.jpg","contentUrl":"https:\/\/tacbycanet.com\/nicaragua\/wp-content\/uploads\/2024\/01\/08-07-0005-Cornisas-Cafe-Claro-2-scaled.jpg","width":2560,"height":1253},{"@type":"BreadcrumbList","@id":"https:\/\/tacbycanet.com\/nicaragua\/producto\/cornisa-2-40m\/#breadcrumb","itemListElement":[{"@type":"ListItem","position":1,"name":"Portada","item":"https:\/\/tacbycanet.com\/nicaragua\/"},{"@type":"ListItem","position":2,"name":"Shop","item":"https:\/\/tacbycanet.com\/nicaragua\/shop\/"},{"@type":"ListItem","position":3,"name":"CORNISA 2.40M"}]},{"@type":"WebSite","@id":"https:\/\/tacbycanet.com\/nicaragua\/#website","url":"https:\/\/tacbycanet.com\/nicaragua\/","name":"TAC by Canet","description":"","potentialAction":[{"@type":"SearchAction","target":{"@type":"EntryPoint","urlTemplate":"https:\/\/tacbycanet.com\/nicaragua\/?s={search_term_string}"},"query-input":{"@type":"PropertyValueSpecification","valueRequired":true,"valueName":"search_term_string"}}],"inLanguage":"es"}]}},"_links":{"self":[{"href":"https:\/\/tacbycanet.com\/nicaragua\/wp-json\/wp\/v2\/product\/3653","targetHints":{"allow":["GET"]}}],"collection":[{"href":"https:\/\/tacbycanet.com\/nicaragua\/wp-json\/wp\/v2\/product"}],"about":[{"href":"https:\/\/tacbycanet.com\/nicaragua\/wp-json\/wp\/v2\/types\/product"}],"wp:featuredmedia":[{"embeddable":true,"href":"https:\/\/tacbycanet.com\/nicaragua\/wp-json\/wp\/v2\/media\/3225"}],"wp:attachment":[{"href":"https:\/\/tacbycanet.com\/nicaragua\/wp-json\/wp\/v2\/media?parent=3653"}],"wp:term":[{"taxonomy":"product_brand","embeddable":true,"href":"https:\/\/tacbycanet.com\/nicaragua\/wp-json\/wp\/v2\/product_brand?post=3653"},{"taxonomy":"product_cat","embeddable":true,"href":"https:\/\/tacbycanet.com\/nicaragua\/wp-json\/wp\/v2\/product_cat?post=3653"},{"taxonomy":"product_tag","embeddable":true,"href":"https:\/\/tacbycanet.com\/nicaragua\/wp-json\/wp\/v2\/product_tag?post=3653"}],"curies":[{"name":"wp","href":"https:\/\/api.w.org\/{rel}","templated":true}]}}