{"id":3739,"date":"2024-04-11T14:41:12","date_gmt":"2024-04-11T20:41:12","guid":{"rendered":"https:\/\/tacbycanet.com\/?post_type=product&#038;p=3739"},"modified":"2024-05-12T21:37:07","modified_gmt":"2024-05-13T03:37:07","slug":"moldura-t-tspc","status":"publish","type":"product","link":"https:\/\/tacbycanet.com\/nicaragua\/producto\/moldura-t-tspc\/","title":{"rendered":"MOLDURA T TSPC"},"content":{"rendered":"<p><strong>Descripci\u00f3n:<\/strong><\/p>\n<p>Tac by Canet cuenta con una nueva l\u00ednea de PISOS SPC, que cuentan con una base de corcho, lo que hace cada espacio m\u00e1s silencioso, confortable y duradero,<\/p>\n<p><strong>Caaracteristicas:<\/strong><\/p>\n<ul>\n<li>Resistente al agua<\/li>\n<li>Protecci\u00f3n UV, manteniendo la coloraci\u00f3n por largo tiempo<\/li>\n<li>Su composici\u00f3n evita que se contraiga o expanda<\/li>\n<li>Gracias a su base de corcho, tendr\u00e1 espacios m\u00e1s silenciosos y duraderos<\/li>\n<li>Son productos pet friendly y su f\u00e1cil instalaci\u00f3n le ahorrar\u00e1 dinero en el acabado final de cada uno de sus espacios.<\/li>\n<\/ul>\n<p>&nbsp;<\/p>\n","protected":false},"excerpt":{"rendered":"<p>Descripci\u00f3n: Tac by Canet cuenta con una nueva l\u00ednea de PISOS SPC, que cuentan con una base de corcho, lo que hace cada espacio m\u00e1s silencioso, confortable y duradero, Caaracteristicas: Resistente al agua Protecci\u00f3n UV, manteniendo la coloraci\u00f3n por largo tiempo Su composici\u00f3n evita que se contraiga o expanda Gracias a su base de corcho,&#8230;<\/p>\n","protected":false},"featured_media":3304,"template":"","meta":[],"product_brand":[],"product_cat":[59,41,39,40],"product_tag":[],"class_list":{"0":"post-3739","1":"product","2":"type-product","3":"status-publish","4":"has-post-thumbnail","6":"product_cat-acabados","7":"product_cat-accesorios-piso-spc","8":"product_cat-piso","9":"product_cat-piso-spc","11":"first","12":"instock","13":"shipping-taxable","14":"purchasable","15":"product-type-variable"},"yoast_head":"<!-- This site is optimized with the Yoast SEO plugin v27.2 - https:\/\/yoast.com\/product\/yoast-seo-wordpress\/ -->\n<title>MOLDURA T TSPC - TAC by Canet<\/title>\n<meta name=\"robots\" content=\"index, follow, max-snippet:-1, max-image-preview:large, max-video-preview:-1\" \/>\n<link rel=\"canonical\" href=\"https:\/\/tacbycanet.com\/nicaragua\/producto\/moldura-t-tspc\/\" \/>\n<meta property=\"og:locale\" content=\"es_ES\" \/>\n<meta property=\"og:type\" content=\"article\" \/>\n<meta property=\"og:title\" content=\"MOLDURA T TSPC - TAC by Canet\" \/>\n<meta property=\"og:description\" content=\"Descripci\u00f3n: Tac by Canet cuenta con una nueva l\u00ednea de PISOS SPC, que cuentan con una base de corcho, lo que hace cada espacio m\u00e1s silencioso, confortable y duradero, Caaracteristicas: Resistente al agua Protecci\u00f3n UV, manteniendo la coloraci\u00f3n por largo tiempo Su composici\u00f3n evita que se contraiga o expanda Gracias a su base de corcho,...\" \/>\n<meta property=\"og:url\" content=\"https:\/\/tacbycanet.com\/nicaragua\/producto\/moldura-t-tspc\/\" \/>\n<meta property=\"og:site_name\" content=\"TAC by Canet\" \/>\n<meta property=\"article:modified_time\" content=\"2024-05-13T03:37:07+00:00\" \/>\n<meta property=\"og:image\" content=\"https:\/\/tacbycanet.com\/nicaragua\/wp-content\/uploads\/2024\/01\/18-42-0001-Moldura-TSPC-01.jpg\" \/>\n\t<meta property=\"og:image:width\" content=\"1345\" \/>\n\t<meta property=\"og:image:height\" content=\"756\" \/>\n\t<meta property=\"og:image:type\" content=\"image\/jpeg\" \/>\n<meta name=\"twitter:card\" content=\"summary_large_image\" \/>\n<meta name=\"twitter:label1\" content=\"Tiempo de lectura\" \/>\n\t<meta name=\"twitter:data1\" content=\"1 minuto\" \/>\n<script type=\"application\/ld+json\" class=\"yoast-schema-graph\">{\"@context\":\"https:\/\/schema.org\",\"@graph\":[{\"@type\":\"WebPage\",\"@id\":\"https:\/\/tacbycanet.com\/nicaragua\/producto\/moldura-t-tspc\/\",\"url\":\"https:\/\/tacbycanet.com\/nicaragua\/producto\/moldura-t-tspc\/\",\"name\":\"MOLDURA T TSPC - TAC by Canet\",\"isPartOf\":{\"@id\":\"https:\/\/tacbycanet.com\/nicaragua\/#website\"},\"primaryImageOfPage\":{\"@id\":\"https:\/\/tacbycanet.com\/nicaragua\/producto\/moldura-t-tspc\/#primaryimage\"},\"image\":{\"@id\":\"https:\/\/tacbycanet.com\/nicaragua\/producto\/moldura-t-tspc\/#primaryimage\"},\"thumbnailUrl\":\"https:\/\/tacbycanet.com\/nicaragua\/wp-content\/uploads\/2024\/01\/18-42-0001-Moldura-TSPC-01.jpg\",\"datePublished\":\"2024-04-11T20:41:12+00:00\",\"dateModified\":\"2024-05-13T03:37:07+00:00\",\"breadcrumb\":{\"@id\":\"https:\/\/tacbycanet.com\/nicaragua\/producto\/moldura-t-tspc\/#breadcrumb\"},\"inLanguage\":\"es\",\"potentialAction\":[{\"@type\":\"ReadAction\",\"target\":[\"https:\/\/tacbycanet.com\/nicaragua\/producto\/moldura-t-tspc\/\"]}]},{\"@type\":\"ImageObject\",\"inLanguage\":\"es\",\"@id\":\"https:\/\/tacbycanet.com\/nicaragua\/producto\/moldura-t-tspc\/#primaryimage\",\"url\":\"https:\/\/tacbycanet.com\/nicaragua\/wp-content\/uploads\/2024\/01\/18-42-0001-Moldura-TSPC-01.jpg\",\"contentUrl\":\"https:\/\/tacbycanet.com\/nicaragua\/wp-content\/uploads\/2024\/01\/18-42-0001-Moldura-TSPC-01.jpg\",\"width\":1345,\"height\":756},{\"@type\":\"BreadcrumbList\",\"@id\":\"https:\/\/tacbycanet.com\/nicaragua\/producto\/moldura-t-tspc\/#breadcrumb\",\"itemListElement\":[{\"@type\":\"ListItem\",\"position\":1,\"name\":\"Portada\",\"item\":\"https:\/\/tacbycanet.com\/nicaragua\/\"},{\"@type\":\"ListItem\",\"position\":2,\"name\":\"Shop\",\"item\":\"https:\/\/tacbycanet.com\/nicaragua\/shop\/\"},{\"@type\":\"ListItem\",\"position\":3,\"name\":\"MOLDURA T TSPC\"}]},{\"@type\":\"WebSite\",\"@id\":\"https:\/\/tacbycanet.com\/nicaragua\/#website\",\"url\":\"https:\/\/tacbycanet.com\/nicaragua\/\",\"name\":\"TAC by Canet\",\"description\":\"\",\"potentialAction\":[{\"@type\":\"SearchAction\",\"target\":{\"@type\":\"EntryPoint\",\"urlTemplate\":\"https:\/\/tacbycanet.com\/nicaragua\/?s={search_term_string}\"},\"query-input\":{\"@type\":\"PropertyValueSpecification\",\"valueRequired\":true,\"valueName\":\"search_term_string\"}}],\"inLanguage\":\"es\"}]}<\/script>\n<!-- \/ Yoast SEO plugin. -->","yoast_head_json":{"title":"MOLDURA T TSPC - TAC by Canet","robots":{"index":"index","follow":"follow","max-snippet":"max-snippet:-1","max-image-preview":"max-image-preview:large","max-video-preview":"max-video-preview:-1"},"canonical":"https:\/\/tacbycanet.com\/nicaragua\/producto\/moldura-t-tspc\/","og_locale":"es_ES","og_type":"article","og_title":"MOLDURA T TSPC - TAC by Canet","og_description":"Descripci\u00f3n: Tac by Canet cuenta con una nueva l\u00ednea de PISOS SPC, que cuentan con una base de corcho, lo que hace cada espacio m\u00e1s silencioso, confortable y duradero, Caaracteristicas: Resistente al agua Protecci\u00f3n UV, manteniendo la coloraci\u00f3n por largo tiempo Su composici\u00f3n evita que se contraiga o expanda Gracias a su base de corcho,...","og_url":"https:\/\/tacbycanet.com\/nicaragua\/producto\/moldura-t-tspc\/","og_site_name":"TAC by Canet","article_modified_time":"2024-05-13T03:37:07+00:00","og_image":[{"width":1345,"height":756,"url":"https:\/\/tacbycanet.com\/nicaragua\/wp-content\/uploads\/2024\/01\/18-42-0001-Moldura-TSPC-01.jpg","type":"image\/jpeg"}],"twitter_card":"summary_large_image","twitter_misc":{"Tiempo de lectura":"1 minuto"},"schema":{"@context":"https:\/\/schema.org","@graph":[{"@type":"WebPage","@id":"https:\/\/tacbycanet.com\/nicaragua\/producto\/moldura-t-tspc\/","url":"https:\/\/tacbycanet.com\/nicaragua\/producto\/moldura-t-tspc\/","name":"MOLDURA T TSPC - TAC by Canet","isPartOf":{"@id":"https:\/\/tacbycanet.com\/nicaragua\/#website"},"primaryImageOfPage":{"@id":"https:\/\/tacbycanet.com\/nicaragua\/producto\/moldura-t-tspc\/#primaryimage"},"image":{"@id":"https:\/\/tacbycanet.com\/nicaragua\/producto\/moldura-t-tspc\/#primaryimage"},"thumbnailUrl":"https:\/\/tacbycanet.com\/nicaragua\/wp-content\/uploads\/2024\/01\/18-42-0001-Moldura-TSPC-01.jpg","datePublished":"2024-04-11T20:41:12+00:00","dateModified":"2024-05-13T03:37:07+00:00","breadcrumb":{"@id":"https:\/\/tacbycanet.com\/nicaragua\/producto\/moldura-t-tspc\/#breadcrumb"},"inLanguage":"es","potentialAction":[{"@type":"ReadAction","target":["https:\/\/tacbycanet.com\/nicaragua\/producto\/moldura-t-tspc\/"]}]},{"@type":"ImageObject","inLanguage":"es","@id":"https:\/\/tacbycanet.com\/nicaragua\/producto\/moldura-t-tspc\/#primaryimage","url":"https:\/\/tacbycanet.com\/nicaragua\/wp-content\/uploads\/2024\/01\/18-42-0001-Moldura-TSPC-01.jpg","contentUrl":"https:\/\/tacbycanet.com\/nicaragua\/wp-content\/uploads\/2024\/01\/18-42-0001-Moldura-TSPC-01.jpg","width":1345,"height":756},{"@type":"BreadcrumbList","@id":"https:\/\/tacbycanet.com\/nicaragua\/producto\/moldura-t-tspc\/#breadcrumb","itemListElement":[{"@type":"ListItem","position":1,"name":"Portada","item":"https:\/\/tacbycanet.com\/nicaragua\/"},{"@type":"ListItem","position":2,"name":"Shop","item":"https:\/\/tacbycanet.com\/nicaragua\/shop\/"},{"@type":"ListItem","position":3,"name":"MOLDURA T TSPC"}]},{"@type":"WebSite","@id":"https:\/\/tacbycanet.com\/nicaragua\/#website","url":"https:\/\/tacbycanet.com\/nicaragua\/","name":"TAC by Canet","description":"","potentialAction":[{"@type":"SearchAction","target":{"@type":"EntryPoint","urlTemplate":"https:\/\/tacbycanet.com\/nicaragua\/?s={search_term_string}"},"query-input":{"@type":"PropertyValueSpecification","valueRequired":true,"valueName":"search_term_string"}}],"inLanguage":"es"}]}},"_links":{"self":[{"href":"https:\/\/tacbycanet.com\/nicaragua\/wp-json\/wp\/v2\/product\/3739","targetHints":{"allow":["GET"]}}],"collection":[{"href":"https:\/\/tacbycanet.com\/nicaragua\/wp-json\/wp\/v2\/product"}],"about":[{"href":"https:\/\/tacbycanet.com\/nicaragua\/wp-json\/wp\/v2\/types\/product"}],"wp:featuredmedia":[{"embeddable":true,"href":"https:\/\/tacbycanet.com\/nicaragua\/wp-json\/wp\/v2\/media\/3304"}],"wp:attachment":[{"href":"https:\/\/tacbycanet.com\/nicaragua\/wp-json\/wp\/v2\/media?parent=3739"}],"wp:term":[{"taxonomy":"product_brand","embeddable":true,"href":"https:\/\/tacbycanet.com\/nicaragua\/wp-json\/wp\/v2\/product_brand?post=3739"},{"taxonomy":"product_cat","embeddable":true,"href":"https:\/\/tacbycanet.com\/nicaragua\/wp-json\/wp\/v2\/product_cat?post=3739"},{"taxonomy":"product_tag","embeddable":true,"href":"https:\/\/tacbycanet.com\/nicaragua\/wp-json\/wp\/v2\/product_tag?post=3739"}],"curies":[{"name":"wp","href":"https:\/\/api.w.org\/{rel}","templated":true}]}}