{"id":3786,"date":"2024-04-11T21:05:37","date_gmt":"2024-04-12T03:05:37","guid":{"rendered":"https:\/\/tacbycanet.com\/?post_type=product&#038;p=3786"},"modified":"2024-05-12T22:11:27","modified_gmt":"2024-05-13T04:11:27","slug":"perfil-h","status":"publish","type":"product","link":"https:\/\/tacbycanet.com\/nicaragua\/producto\/perfil-h\/","title":{"rendered":"PERFIL H"},"content":{"rendered":"<p><strong>Descripci\u00f3n:<\/strong><\/p>\n<p>Las l\u00e1minas de policarbonato de Tac by Canet son el complemento ideal para exteriores. Est\u00e1n fabricadas a base de policarbonato 100% virgen y cuentan con una capa de protecci\u00f3n UV lo que garantiza su calidad ante decoloraci\u00f3n bajo una correcta instalaci\u00f3n.Su resistencia al impacto es 200 veces mayor a la del vidrio, sus propiedades permiten que se produzcan l\u00e1minas \u201ccelulares\u201d con paredes de espesor reducido. La materia prima de este producto es pol\u00edmero formado de mol\u00e9culas de Bisfenol-A unidas con grupos de carbonato.<\/p>\n<p><strong>Ventajas:<\/strong><\/p>\n<p>Protecci\u00f3n UV<\/p>\n<p>\u2022 Garant\u00eda de 10 a\u00f1os por decoloraci\u00f3n bajo una correcta instalaci\u00f3n.<\/p>\n<p>\u2022 Aislante t\u00e9rmico, mantienen una temperatura equilibrada.<\/p>\n<p>\u2022 Resistente al clima tropical.<\/p>\n<p>\u2022 Liviano, lo que permite agregar menos peso a la construcci\u00f3n.<\/p>\n<p>\u2022 F\u00e1cil limpieza.<\/p>\n<p>\u2022 F\u00e1cil instalaci\u00f3n, con elementos convenciones (Ver nuestra gu\u00eda de instalaci\u00f3n QR).<\/p>\n<p>\u2022 Versatilidad de usos en espacios.<\/p>\n<p>\u2022 Propiedades \u00f3pticas: traslucidez.<\/p>\n<p>\u2022 Inmune al ataque de microrganismos, insectos y plagas.<\/p>\n<p><strong>Precauciones:<\/strong><\/p>\n<p>\u2022 Resistencia media a sustancias qu\u00edmicas y abrasivas.<\/p>\n<p>\u2022 Sensibilidad al entallado.<\/p>\n<p>\u2022 Susceptibilidad a fisuras por esfuerzo.<\/p>\n<p>\u2022 Sensibilidad a la hidr\u00f3lisis, es decir, a la humedad o exposici\u00f3n prolongada al agua.<\/p>\n<p><strong>Medidas:<\/strong><\/p>\n<p>2.10mx2.90m<\/p>\n<p>2.10mx4.35m<\/p>\n<p>2.10mx5.80m<\/p>\n<p>2.10mx7.25m<\/p>\n<p>2.10mx8.70m<\/p>\n<p>2.10mx11.60m<\/p>\n<p>1.05mx 2.90m<\/p>\n<p>1.05mx 5.80m<\/p>\n<p>1.05mx 8.70m<\/p>\n<p>1.05mx 11.60m<\/p>\n<p><strong>Aplicaciones:<\/strong><\/p>\n<p>Comercios<\/p>\n<p>Oficinas<\/p>\n<p>Hogar<\/p>\n<p><strong>Tonos disponibles:<\/strong><\/p>\n<p>Azul<\/p>\n<p>Cristal<\/p>\n<p>Bronce<\/p>\n<p>Gris<\/p>\n","protected":false},"excerpt":{"rendered":"<p>Descripci\u00f3n: Las l\u00e1minas de policarbonato de Tac by Canet son el complemento ideal para exteriores. Est\u00e1n fabricadas a base de policarbonato 100% virgen y cuentan con una capa de protecci\u00f3n UV lo que garantiza su calidad ante decoloraci\u00f3n bajo una correcta instalaci\u00f3n.Su resistencia al impacto es 200 veces mayor a la del vidrio, sus propiedades&#8230;<\/p>\n","protected":false},"featured_media":3330,"template":"","meta":[],"product_brand":[],"product_cat":[59,42,19],"product_tag":[],"class_list":{"0":"post-3786","1":"product","2":"type-product","3":"status-publish","4":"has-post-thumbnail","6":"product_cat-acabados","7":"product_cat-accesorios-policarbonato","8":"product_cat-policarbonato","10":"first","11":"instock","12":"shipping-taxable","13":"purchasable","14":"product-type-variable"},"yoast_head":"<!-- This site is optimized with the Yoast SEO plugin v27.2 - https:\/\/yoast.com\/product\/yoast-seo-wordpress\/ -->\n<title>PERFIL H - TAC by Canet<\/title>\n<meta name=\"robots\" content=\"index, follow, max-snippet:-1, max-image-preview:large, max-video-preview:-1\" \/>\n<link rel=\"canonical\" href=\"https:\/\/tacbycanet.com\/nicaragua\/producto\/perfil-h\/\" \/>\n<meta property=\"og:locale\" content=\"es_ES\" \/>\n<meta property=\"og:type\" content=\"article\" \/>\n<meta property=\"og:title\" content=\"PERFIL H - TAC by Canet\" \/>\n<meta property=\"og:description\" content=\"Descripci\u00f3n: Las l\u00e1minas de policarbonato de Tac by Canet son el complemento ideal para exteriores. Est\u00e1n fabricadas a base de policarbonato 100% virgen y cuentan con una capa de protecci\u00f3n UV lo que garantiza su calidad ante decoloraci\u00f3n bajo una correcta instalaci\u00f3n.Su resistencia al impacto es 200 veces mayor a la del vidrio, sus propiedades...\" \/>\n<meta property=\"og:url\" content=\"https:\/\/tacbycanet.com\/nicaragua\/producto\/perfil-h\/\" \/>\n<meta property=\"og:site_name\" content=\"TAC by Canet\" \/>\n<meta property=\"article:modified_time\" content=\"2024-05-13T04:11:27+00:00\" \/>\n<meta property=\"og:image\" content=\"https:\/\/tacbycanet.com\/nicaragua\/wp-content\/uploads\/2024\/01\/30-03-0005-Union-Azul.jpg\" \/>\n\t<meta property=\"og:image:width\" content=\"1345\" \/>\n\t<meta property=\"og:image:height\" content=\"756\" \/>\n\t<meta property=\"og:image:type\" content=\"image\/jpeg\" \/>\n<meta name=\"twitter:card\" content=\"summary_large_image\" \/>\n<meta name=\"twitter:label1\" content=\"Tiempo de lectura\" \/>\n\t<meta name=\"twitter:data1\" content=\"2 minutos\" \/>\n<script type=\"application\/ld+json\" class=\"yoast-schema-graph\">{\"@context\":\"https:\/\/schema.org\",\"@graph\":[{\"@type\":\"WebPage\",\"@id\":\"https:\/\/tacbycanet.com\/nicaragua\/producto\/perfil-h\/\",\"url\":\"https:\/\/tacbycanet.com\/nicaragua\/producto\/perfil-h\/\",\"name\":\"PERFIL H - TAC by Canet\",\"isPartOf\":{\"@id\":\"https:\/\/tacbycanet.com\/nicaragua\/#website\"},\"primaryImageOfPage\":{\"@id\":\"https:\/\/tacbycanet.com\/nicaragua\/producto\/perfil-h\/#primaryimage\"},\"image\":{\"@id\":\"https:\/\/tacbycanet.com\/nicaragua\/producto\/perfil-h\/#primaryimage\"},\"thumbnailUrl\":\"https:\/\/tacbycanet.com\/nicaragua\/wp-content\/uploads\/2024\/01\/30-03-0005-Union-Azul.jpg\",\"datePublished\":\"2024-04-12T03:05:37+00:00\",\"dateModified\":\"2024-05-13T04:11:27+00:00\",\"breadcrumb\":{\"@id\":\"https:\/\/tacbycanet.com\/nicaragua\/producto\/perfil-h\/#breadcrumb\"},\"inLanguage\":\"es\",\"potentialAction\":[{\"@type\":\"ReadAction\",\"target\":[\"https:\/\/tacbycanet.com\/nicaragua\/producto\/perfil-h\/\"]}]},{\"@type\":\"ImageObject\",\"inLanguage\":\"es\",\"@id\":\"https:\/\/tacbycanet.com\/nicaragua\/producto\/perfil-h\/#primaryimage\",\"url\":\"https:\/\/tacbycanet.com\/nicaragua\/wp-content\/uploads\/2024\/01\/30-03-0005-Union-Azul.jpg\",\"contentUrl\":\"https:\/\/tacbycanet.com\/nicaragua\/wp-content\/uploads\/2024\/01\/30-03-0005-Union-Azul.jpg\",\"width\":1345,\"height\":756},{\"@type\":\"BreadcrumbList\",\"@id\":\"https:\/\/tacbycanet.com\/nicaragua\/producto\/perfil-h\/#breadcrumb\",\"itemListElement\":[{\"@type\":\"ListItem\",\"position\":1,\"name\":\"Portada\",\"item\":\"https:\/\/tacbycanet.com\/nicaragua\/\"},{\"@type\":\"ListItem\",\"position\":2,\"name\":\"Shop\",\"item\":\"https:\/\/tacbycanet.com\/nicaragua\/shop\/\"},{\"@type\":\"ListItem\",\"position\":3,\"name\":\"PERFIL H\"}]},{\"@type\":\"WebSite\",\"@id\":\"https:\/\/tacbycanet.com\/nicaragua\/#website\",\"url\":\"https:\/\/tacbycanet.com\/nicaragua\/\",\"name\":\"TAC by Canet\",\"description\":\"\",\"potentialAction\":[{\"@type\":\"SearchAction\",\"target\":{\"@type\":\"EntryPoint\",\"urlTemplate\":\"https:\/\/tacbycanet.com\/nicaragua\/?s={search_term_string}\"},\"query-input\":{\"@type\":\"PropertyValueSpecification\",\"valueRequired\":true,\"valueName\":\"search_term_string\"}}],\"inLanguage\":\"es\"}]}<\/script>\n<!-- \/ Yoast SEO plugin. -->","yoast_head_json":{"title":"PERFIL H - TAC by Canet","robots":{"index":"index","follow":"follow","max-snippet":"max-snippet:-1","max-image-preview":"max-image-preview:large","max-video-preview":"max-video-preview:-1"},"canonical":"https:\/\/tacbycanet.com\/nicaragua\/producto\/perfil-h\/","og_locale":"es_ES","og_type":"article","og_title":"PERFIL H - TAC by Canet","og_description":"Descripci\u00f3n: Las l\u00e1minas de policarbonato de Tac by Canet son el complemento ideal para exteriores. Est\u00e1n fabricadas a base de policarbonato 100% virgen y cuentan con una capa de protecci\u00f3n UV lo que garantiza su calidad ante decoloraci\u00f3n bajo una correcta instalaci\u00f3n.Su resistencia al impacto es 200 veces mayor a la del vidrio, sus propiedades...","og_url":"https:\/\/tacbycanet.com\/nicaragua\/producto\/perfil-h\/","og_site_name":"TAC by Canet","article_modified_time":"2024-05-13T04:11:27+00:00","og_image":[{"width":1345,"height":756,"url":"https:\/\/tacbycanet.com\/nicaragua\/wp-content\/uploads\/2024\/01\/30-03-0005-Union-Azul.jpg","type":"image\/jpeg"}],"twitter_card":"summary_large_image","twitter_misc":{"Tiempo de lectura":"2 minutos"},"schema":{"@context":"https:\/\/schema.org","@graph":[{"@type":"WebPage","@id":"https:\/\/tacbycanet.com\/nicaragua\/producto\/perfil-h\/","url":"https:\/\/tacbycanet.com\/nicaragua\/producto\/perfil-h\/","name":"PERFIL H - TAC by Canet","isPartOf":{"@id":"https:\/\/tacbycanet.com\/nicaragua\/#website"},"primaryImageOfPage":{"@id":"https:\/\/tacbycanet.com\/nicaragua\/producto\/perfil-h\/#primaryimage"},"image":{"@id":"https:\/\/tacbycanet.com\/nicaragua\/producto\/perfil-h\/#primaryimage"},"thumbnailUrl":"https:\/\/tacbycanet.com\/nicaragua\/wp-content\/uploads\/2024\/01\/30-03-0005-Union-Azul.jpg","datePublished":"2024-04-12T03:05:37+00:00","dateModified":"2024-05-13T04:11:27+00:00","breadcrumb":{"@id":"https:\/\/tacbycanet.com\/nicaragua\/producto\/perfil-h\/#breadcrumb"},"inLanguage":"es","potentialAction":[{"@type":"ReadAction","target":["https:\/\/tacbycanet.com\/nicaragua\/producto\/perfil-h\/"]}]},{"@type":"ImageObject","inLanguage":"es","@id":"https:\/\/tacbycanet.com\/nicaragua\/producto\/perfil-h\/#primaryimage","url":"https:\/\/tacbycanet.com\/nicaragua\/wp-content\/uploads\/2024\/01\/30-03-0005-Union-Azul.jpg","contentUrl":"https:\/\/tacbycanet.com\/nicaragua\/wp-content\/uploads\/2024\/01\/30-03-0005-Union-Azul.jpg","width":1345,"height":756},{"@type":"BreadcrumbList","@id":"https:\/\/tacbycanet.com\/nicaragua\/producto\/perfil-h\/#breadcrumb","itemListElement":[{"@type":"ListItem","position":1,"name":"Portada","item":"https:\/\/tacbycanet.com\/nicaragua\/"},{"@type":"ListItem","position":2,"name":"Shop","item":"https:\/\/tacbycanet.com\/nicaragua\/shop\/"},{"@type":"ListItem","position":3,"name":"PERFIL H"}]},{"@type":"WebSite","@id":"https:\/\/tacbycanet.com\/nicaragua\/#website","url":"https:\/\/tacbycanet.com\/nicaragua\/","name":"TAC by Canet","description":"","potentialAction":[{"@type":"SearchAction","target":{"@type":"EntryPoint","urlTemplate":"https:\/\/tacbycanet.com\/nicaragua\/?s={search_term_string}"},"query-input":{"@type":"PropertyValueSpecification","valueRequired":true,"valueName":"search_term_string"}}],"inLanguage":"es"}]}},"_links":{"self":[{"href":"https:\/\/tacbycanet.com\/nicaragua\/wp-json\/wp\/v2\/product\/3786","targetHints":{"allow":["GET"]}}],"collection":[{"href":"https:\/\/tacbycanet.com\/nicaragua\/wp-json\/wp\/v2\/product"}],"about":[{"href":"https:\/\/tacbycanet.com\/nicaragua\/wp-json\/wp\/v2\/types\/product"}],"wp:featuredmedia":[{"embeddable":true,"href":"https:\/\/tacbycanet.com\/nicaragua\/wp-json\/wp\/v2\/media\/3330"}],"wp:attachment":[{"href":"https:\/\/tacbycanet.com\/nicaragua\/wp-json\/wp\/v2\/media?parent=3786"}],"wp:term":[{"taxonomy":"product_brand","embeddable":true,"href":"https:\/\/tacbycanet.com\/nicaragua\/wp-json\/wp\/v2\/product_brand?post=3786"},{"taxonomy":"product_cat","embeddable":true,"href":"https:\/\/tacbycanet.com\/nicaragua\/wp-json\/wp\/v2\/product_cat?post=3786"},{"taxonomy":"product_tag","embeddable":true,"href":"https:\/\/tacbycanet.com\/nicaragua\/wp-json\/wp\/v2\/product_tag?post=3786"}],"curies":[{"name":"wp","href":"https:\/\/api.w.org\/{rel}","templated":true}]}}